{"id":4117,"date":"2022-12-08T23:05:07","date_gmt":"2022-12-08T23:05:07","guid":{"rendered":"https:\/\/ustadesign.com\/?page_id=4117"},"modified":"2022-12-08T23:05:07","modified_gmt":"2022-12-08T23:05:07","slug":"gizlilik-guvenlik","status":"publish","type":"page","link":"https:\/\/ustadesign.com\/en\/gizlilik-guvenlik\/","title":{"rendered":"Gizlilik &#038; G\u00fcvenlik"},"content":{"rendered":"<p><strong>1.<\/strong> Ustadesign.com&#8217;yi ziyaret etmek i\u00e7in herhangi bir ki\u015fisel bilginizi vermeniz gerekmemektedir.<\/p>\n<p><strong>2.<\/strong> Ustadesign.com\u2019ye \u00fcye olmak ya da al\u0131\u015fveri\u015f yapmak i\u00e7in baz\u0131 ki\u015fisel bilgilerinizi vermeniz gerekmektedir. Ki\u015fisel bilgilerinizin gizlili\u011fi korunmaktad\u0131r. Usta Design, bu bilgileri \u00fc\u00e7\u00fcnc\u00fc \u015fah\u0131s, kurum ve kurulu\u015flarla payla\u015fmaz.<\/p>\n<p><strong>3.<\/strong>\u00a0Al\u0131\u015fveri\u015flerinizde kullan\u0131lan kredi kart\u0131 bilgileriniz\u00a0 sunucular\u0131m\u0131zda tutulmamaktad\u0131r. Al\u0131\u015fveri\u015finiz s\u0131ras\u0131nda onay i\u00e7in bankaya y\u00f6nlendirilmektedir.<\/p>\n<p><strong>4.<\/strong>\u00a0Gerekli durumlarda, sizi tan\u0131mam\u0131zda yard\u0131mc\u0131 olmas\u0131, ki\u015fiselle\u015ftirilmi\u015f \u00fcst\u00fcn bir al\u0131\u015fveri\u015f deneyimi ya\u015faman\u0131z amac\u0131yla &#8220;cookie&#8221; olarak adland\u0131r\u0131lan bilgiler, bilgisayar\u0131n\u0131z taraf\u0131ndan uygun bulunan yere yerle\u015ftirilebilir. Cookie kullan\u0131m\u0131, internet \u00fczerinde standart olarak kabul edilen bir uygulamad\u0131r. Cookie&#8217;leri alma ayar\u0131n\u0131 dilerseniz web taray\u0131c\u0131n\u0131zdan de\u011fi\u015ftirebilirsiniz.<\/p>\n<p><strong>5.<\/strong> Ustadesign.com&#8217;ye ba\u011flanarak al\u0131\u015fveri\u015f yap\u0131lan bilgisayarlar\u0131n IP adresleri, herhangi bir sahtecilik durumunda yasal mercilere iletilmek \u00fczere kay\u0131t alt\u0131na al\u0131nmaktad\u0131r.<\/p>\n<p><strong>6.<\/strong> Ustadesign.com&#8217;yi kulland\u0131\u011f\u0131n\u0131zda, yukar\u0131daki h\u00fck\u00fcm ve ko\u015fullar\u0131 okumu\u015f, anlam\u0131\u015f ve kabul etmi\u015f olmaktas\u0131n\u0131z.<\/p>","protected":false},"excerpt":{"rendered":"<p>1. Ustadesign.com&#8217;yi ziyaret etmek i\u00e7in herhangi bir ki\u015fisel bilginizi vermeniz [&hellip;]<\/p>\n","protected":false},"author":1,"featured_media":0,"parent":0,"menu_order":0,"comment_status":"closed","ping_status":"closed","template":"","meta":{"footnotes":""},"class_list":["post-4117","page","type-page","status-publish","hentry"],"acf":[],"yoast_head":"<!-- This site is optimized with the Yoast SEO plugin v27.4 - https:\/\/yoast.com\/product\/yoast-seo-wordpress\/ -->\n<title>Gizlilik &amp; G\u00fcvenlik - Usta Design<\/title>\n<meta name=\"robots\" content=\"index, follow, max-snippet:-1, max-image-preview:large, max-video-preview:-1\" \/>\n<link rel=\"canonical\" href=\"https:\/\/ustadesign.com\/en\/gizlilik-guvenlik\/\" \/>\n<meta property=\"og:locale\" content=\"en_US\" \/>\n<meta property=\"og:type\" content=\"article\" \/>\n<meta property=\"og:title\" content=\"Gizlilik &amp; G\u00fcvenlik - Usta Design\" \/>\n<meta property=\"og:description\" content=\"1. Ustadesign.com&#8217;yi ziyaret etmek i\u00e7in herhangi bir ki\u015fisel bilginizi vermeniz [&hellip;]\" \/>\n<meta property=\"og:url\" content=\"https:\/\/ustadesign.com\/en\/gizlilik-guvenlik\/\" \/>\n<meta property=\"og:site_name\" content=\"Usta Design\" \/>\n<meta name=\"twitter:card\" content=\"summary_large_image\" \/>\n<meta name=\"twitter:label1\" content=\"Est. reading time\" \/>\n\t<meta name=\"twitter:data1\" content=\"1 minute\" \/>\n<script type=\"application\/ld+json\" class=\"yoast-schema-graph\">{\"@context\":\"https:\\\/\\\/schema.org\",\"@graph\":[{\"@type\":\"WebPage\",\"@id\":\"https:\\\/\\\/ustadesign.com\\\/gizlilik-guvenlik\\\/\",\"url\":\"https:\\\/\\\/ustadesign.com\\\/gizlilik-guvenlik\\\/\",\"name\":\"Gizlilik & G\u00fcvenlik - Usta Design\",\"isPartOf\":{\"@id\":\"https:\\\/\\\/ustadesign.com\\\/en\\\/#website\"},\"datePublished\":\"2022-12-08T23:05:07+00:00\",\"breadcrumb\":{\"@id\":\"https:\\\/\\\/ustadesign.com\\\/gizlilik-guvenlik\\\/#breadcrumb\"},\"inLanguage\":\"en-US\",\"potentialAction\":[{\"@type\":\"ReadAction\",\"target\":[\"https:\\\/\\\/ustadesign.com\\\/gizlilik-guvenlik\\\/\"]}]},{\"@type\":\"BreadcrumbList\",\"@id\":\"https:\\\/\\\/ustadesign.com\\\/gizlilik-guvenlik\\\/#breadcrumb\",\"itemListElement\":[{\"@type\":\"ListItem\",\"position\":1,\"name\":\"Anasayfa\",\"item\":\"https:\\\/\\\/ustadesign.com\\\/en\\\/\"},{\"@type\":\"ListItem\",\"position\":2,\"name\":\"Gizlilik &#038; G\u00fcvenlik\"}]},{\"@type\":\"WebSite\",\"@id\":\"https:\\\/\\\/ustadesign.com\\\/en\\\/#website\",\"url\":\"https:\\\/\\\/ustadesign.com\\\/en\\\/\",\"name\":\"Usta Design\",\"description\":\"Usta Design\",\"publisher\":{\"@id\":\"https:\\\/\\\/ustadesign.com\\\/en\\\/#organization\"},\"potentialAction\":[{\"@type\":\"SearchAction\",\"target\":{\"@type\":\"EntryPoint\",\"urlTemplate\":\"https:\\\/\\\/ustadesign.com\\\/en\\\/?s={search_term_string}\"},\"query-input\":{\"@type\":\"PropertyValueSpecification\",\"valueRequired\":true,\"valueName\":\"search_term_string\"}}],\"inLanguage\":\"en-US\"},{\"@type\":\"Organization\",\"@id\":\"https:\\\/\\\/ustadesign.com\\\/en\\\/#organization\",\"name\":\"Usta Design\",\"url\":\"https:\\\/\\\/ustadesign.com\\\/en\\\/\",\"logo\":{\"@type\":\"ImageObject\",\"inLanguage\":\"en-US\",\"@id\":\"https:\\\/\\\/ustadesign.com\\\/en\\\/#\\\/schema\\\/logo\\\/image\\\/\",\"url\":\"https:\\\/\\\/ustadesign.com\\\/wp-content\\\/uploads\\\/2022\\\/11\\\/logo-1.png\",\"contentUrl\":\"https:\\\/\\\/ustadesign.com\\\/wp-content\\\/uploads\\\/2022\\\/11\\\/logo-1.png\",\"width\":604,\"height\":276,\"caption\":\"Usta Design\"},\"image\":{\"@id\":\"https:\\\/\\\/ustadesign.com\\\/en\\\/#\\\/schema\\\/logo\\\/image\\\/\"},\"sameAs\":[\"https:\\\/\\\/www.instagram.com\\\/ustadesignofficial\\\/\"]}]}<\/script>\n<!-- \/ Yoast SEO plugin. -->","yoast_head_json":{"title":"Gizlilik & G\u00fcvenlik - Usta Design","robots":{"index":"index","follow":"follow","max-snippet":"max-snippet:-1","max-image-preview":"max-image-preview:large","max-video-preview":"max-video-preview:-1"},"canonical":"https:\/\/ustadesign.com\/en\/gizlilik-guvenlik\/","og_locale":"en_US","og_type":"article","og_title":"Gizlilik & G\u00fcvenlik - Usta Design","og_description":"1. Ustadesign.com&#8217;yi ziyaret etmek i\u00e7in herhangi bir ki\u015fisel bilginizi vermeniz [&hellip;]","og_url":"https:\/\/ustadesign.com\/en\/gizlilik-guvenlik\/","og_site_name":"Usta Design","twitter_card":"summary_large_image","twitter_misc":{"Est. reading time":"1 minute"},"schema":{"@context":"https:\/\/schema.org","@graph":[{"@type":"WebPage","@id":"https:\/\/ustadesign.com\/gizlilik-guvenlik\/","url":"https:\/\/ustadesign.com\/gizlilik-guvenlik\/","name":"Gizlilik & G\u00fcvenlik - Usta Design","isPartOf":{"@id":"https:\/\/ustadesign.com\/en\/#website"},"datePublished":"2022-12-08T23:05:07+00:00","breadcrumb":{"@id":"https:\/\/ustadesign.com\/gizlilik-guvenlik\/#breadcrumb"},"inLanguage":"en-US","potentialAction":[{"@type":"ReadAction","target":["https:\/\/ustadesign.com\/gizlilik-guvenlik\/"]}]},{"@type":"BreadcrumbList","@id":"https:\/\/ustadesign.com\/gizlilik-guvenlik\/#breadcrumb","itemListElement":[{"@type":"ListItem","position":1,"name":"Anasayfa","item":"https:\/\/ustadesign.com\/en\/"},{"@type":"ListItem","position":2,"name":"Gizlilik &#038; G\u00fcvenlik"}]},{"@type":"WebSite","@id":"https:\/\/ustadesign.com\/en\/#website","url":"https:\/\/ustadesign.com\/en\/","name":"Usta Design","description":"Usta Design","publisher":{"@id":"https:\/\/ustadesign.com\/en\/#organization"},"potentialAction":[{"@type":"SearchAction","target":{"@type":"EntryPoint","urlTemplate":"https:\/\/ustadesign.com\/en\/?s={search_term_string}"},"query-input":{"@type":"PropertyValueSpecification","valueRequired":true,"valueName":"search_term_string"}}],"inLanguage":"en-US"},{"@type":"Organization","@id":"https:\/\/ustadesign.com\/en\/#organization","name":"Usta Design","url":"https:\/\/ustadesign.com\/en\/","logo":{"@type":"ImageObject","inLanguage":"en-US","@id":"https:\/\/ustadesign.com\/en\/#\/schema\/logo\/image\/","url":"https:\/\/ustadesign.com\/wp-content\/uploads\/2022\/11\/logo-1.png","contentUrl":"https:\/\/ustadesign.com\/wp-content\/uploads\/2022\/11\/logo-1.png","width":604,"height":276,"caption":"Usta Design"},"image":{"@id":"https:\/\/ustadesign.com\/en\/#\/schema\/logo\/image\/"},"sameAs":["https:\/\/www.instagram.com\/ustadesignofficial\/"]}]}},"_links":{"self":[{"href":"https:\/\/ustadesign.com\/en\/wp-json\/wp\/v2\/pages\/4117","targetHints":{"allow":["GET"]}}],"collection":[{"href":"https:\/\/ustadesign.com\/en\/wp-json\/wp\/v2\/pages"}],"about":[{"href":"https:\/\/ustadesign.com\/en\/wp-json\/wp\/v2\/types\/page"}],"author":[{"embeddable":true,"href":"https:\/\/ustadesign.com\/en\/wp-json\/wp\/v2\/users\/1"}],"replies":[{"embeddable":true,"href":"https:\/\/ustadesign.com\/en\/wp-json\/wp\/v2\/comments?post=4117"}],"version-history":[{"count":1,"href":"https:\/\/ustadesign.com\/en\/wp-json\/wp\/v2\/pages\/4117\/revisions"}],"predecessor-version":[{"id":4118,"href":"https:\/\/ustadesign.com\/en\/wp-json\/wp\/v2\/pages\/4117\/revisions\/4118"}],"wp:attachment":[{"href":"https:\/\/ustadesign.com\/en\/wp-json\/wp\/v2\/media?parent=4117"}],"curies":[{"name":"wp","href":"https:\/\/api.w.org\/{rel}","templated":true}]}}