{"id":4119,"date":"2022-12-08T23:09:54","date_gmt":"2022-12-08T23:09:54","guid":{"rendered":"https:\/\/ustadesign.com\/?page_id=4119"},"modified":"2022-12-08T23:09:54","modified_gmt":"2022-12-08T23:09:54","slug":"cerez-politikasi","status":"publish","type":"page","link":"https:\/\/ustadesign.com\/en\/cerez-politikasi\/","title":{"rendered":"\u00c7erez Politikas\u0131"},"content":{"rendered":"<p>Usta Design\u00a0 olarak, web sitemizin kullan\u0131m\u0131n\u0131 kolayla\u015ft\u0131rmak ve sitemizin kullan\u0131m\u0131n\u0131 ki\u015fiselle\u015ftirmek amac\u0131yla \u00e7erezler, piksel etiketleri (&#8220;pikseller&#8221;) ve yerel saklama teknolojileri kullan\u0131yoruz. Bu sayfan\u0131n, an\u0131lan teknolojilerin ni\u00e7in kullan\u0131ld\u0131klar\u0131n\u0131 ve bunlar\u0131 kontrol etmeyi veya -tercihiniz bu y\u00f6ndeyse- silmeyi anlaman\u0131za yard\u0131mc\u0131 olmas\u0131n\u0131 istiyoruz.<\/p>\n<p><strong>\u00c7erez Nedir?<\/strong><\/p>\n<p>G\u00fcn\u00fcm\u00fczde neredeyse her web sitesi \u00e7erez kullanmaktad\u0131r. Size daha iyi, h\u0131zl\u0131 ve g\u00fcvenli bir deneyim sa\u011flamak i\u00e7in, \u00e7o\u011fu internet sitesi gibi biz de \u00e7erezler kullan\u0131yoruz. \u00c7erez, bir web sitesini ziyaret etti\u011finizde cihaz\u0131n\u0131za (\u00f6rne\u011fin; bilgisayar veya cep telefonu) depolanan k\u00fc\u00e7\u00fck bir metin dosyas\u0131d\u0131r. \u00c7erezler, bir web sitesini ilk ziyaretiniz s\u0131ras\u0131nda taray\u0131c\u0131n\u0131z arac\u0131l\u0131\u011f\u0131yla cihaz\u0131n\u0131za depolanabilirler. Ayn\u0131 siteyi ayn\u0131 cihazla tekrar ziyaret etti\u011finizde taray\u0131c\u0131n\u0131z cihaz\u0131n\u0131zda site ad\u0131na kay\u0131tl\u0131 bir \u00e7erez olup olmad\u0131\u011f\u0131n\u0131 kontrol eder. E\u011fer kay\u0131t var ise, kayd\u0131n i\u00e7indeki veriyi ziyaret etmekte oldu\u011funuz web sitesine iletir. Bu sayede web sitesi, sizin siteyi daha \u00f6nce ziyaret etti\u011finizi anlar ve size iletilecek i\u00e7eri\u011fi de ona g\u00f6re tayin eder.<\/p>\n<p><strong>\u00c7erezler Neden Kullan\u0131l\u0131r?<\/strong><\/p>\n<p>Baz\u0131 \u00e7erezler, daha \u00f6nceki ziyaretlerinizde kulland\u0131\u011f\u0131n\u0131z tercihlerin web sitesi taraf\u0131ndan hat\u0131rlanmas\u0131n\u0131 sa\u011flayarak, sonraki ziyaretlerinizin \u00e7ok daha kullan\u0131c\u0131 dostu ve ki\u015fiselle\u015ftirilmi\u015f bir deneyim sunmas\u0131n\u0131 sa\u011flar.<\/p>\n<p><strong>\u00c7erezleri Kontrol Etme ve Silme<\/strong><\/p>\n<p>\u00c7erezlerin kullan\u0131m\u0131na ili\u015fkin tercihlerinizi de\u011fi\u015ftirmek ya da \u00e7erezleri engellemek veya silmek i\u00e7in taray\u0131c\u0131n\u0131z\u0131n ayarlar\u0131n\u0131 de\u011fi\u015ftirmeniz yeterlidir. Bir\u00e7ok taray\u0131c\u0131 \u00e7erezleri kontrol edebilmeniz i\u00e7in size \u00e7erezleri kabul etme veya reddetme, yaln\u0131zca belirli t\u00fcrdeki \u00e7erezleri kabul etme ya da bir web sitesi cihaz\u0131n\u0131za \u00e7erez depolamay\u0131 talep etti\u011finde taray\u0131c\u0131 taraf\u0131ndan uyar\u0131lma se\u00e7ene\u011fi sunar. Ayn\u0131 zamanda daha \u00f6nce taray\u0131c\u0131n\u0131za kaydedilmi\u015f \u00e7erezlerin silinmesi de m\u00fcmk\u00fcnd\u00fcr.\u00c7erezleri kontrol edilmesine veya silinmesine ili\u015fkin i\u015flemler kulland\u0131\u011f\u0131n\u0131z taray\u0131c\u0131ya g\u00f6re de\u011fi\u015febilmektedir.<\/p>\n<p><strong>Usta Design Taraf\u0131ndan Kullan\u0131lan Cookiler<\/strong><\/p>\n<p>Web sitemizde kullan\u0131lan hi\u00e7bir \u00e7erez, kimli\u011finizin saptanmas\u0131na yarayacak verileri i\u015flememektedir. A\u015fa\u011f\u0131da web sitemizde kullan\u0131lmakta olan \u00e7erez t\u00fcrleri ve bu \u00e7erezlerin hangi ama\u00e7la kullan\u0131ld\u0131klar\u0131 detayl\u0131 bir \u015fekilde ortaya konmu\u015ftur<\/p>\n<p><strong>Kategori 1- Zorunlu \u00c7erezler<\/strong><\/p>\n<p>Bu \u00e7erezler, web sitesini dola\u015fman\u0131z, web sitesinin g\u00fcvenli alanlar\u0131na eri\u015fmenin sa\u011flanmas\u0131 ve izinlerin ortaya konmas\u0131 i\u00e7in \u00f6nemlidir. Bu \u00e7erezler olmadan, sitemizde bulunan al\u0131\u015fveri\u015f sepeti veya \u00f6deme sayfas\u0131 gibi talep etti\u011finiz hizmetler sa\u011flanamaz.<\/p>\n<table width=\"843\">\n<tbody>\n<tr>\n<td width=\"200\">\u00c7EREZ<\/td>\n<td width=\"405\">\u00c7EREZ\u2019\u0130N TANIMI<\/td>\n<\/tr>\n<tr>\n<td width=\"200\"><strong>__RequestVerificationToken<\/strong><\/td>\n<td width=\"405\">Kullan\u0131c\u0131 hareketlerinin takibi ve sahtecili\u011fin \u00f6nlenmesi i\u00e7in kullan\u0131lan \u00e7erezdir.<\/td>\n<\/tr>\n<\/tbody>\n<\/table>\n<p><strong>Kategori 2- &#8216;Performans&#8217; \u00c7erezleri<\/strong><\/p>\n<p>Bu \u00e7erezler, ziyaret\u00e7ilerimizin web sitesini nas\u0131l kulland\u0131klar\u0131 hakk\u0131nda bilgi toplamaktad\u0131r. \u00d6rne\u011fin, \u00a0ziyaret\u00e7ilerin en s\u0131k gidecekleri sayfalar\u0131 ve web sayfalar\u0131ndan hata mesajlar\u0131 al\u0131p almad\u0131klar\u0131n\u0131 bilmemizi sa\u011flar. Bu \u00e7erezler, bir ziyaret\u00e7iyi tan\u0131mlayan bilgileri de\u011fil toplamay\u0131p, anonim olarak bilgi toplama i\u015flemi yapmaktad\u0131r.<strong><br \/>\n<\/strong><\/p>\n<table width=\"848\">\n<tbody>\n<tr>\n<td width=\"89\">\u00c7EREZ<\/td>\n<td width=\"523\">\u00c7EREZ\u2019\u0130N TANIMI<\/td>\n<\/tr>\n<tr>\n<td width=\"89\"><strong>_ga<\/strong><\/td>\n<td width=\"523\">Google Universal Analytics ile ili\u015fkisi olan bir \u00e7erezdir. Bu \u00e7erez, istemci tan\u0131mlay\u0131c\u0131s\u0131 olarak rastgele olu\u015fturulmu\u015f bir numara atayarak benzersiz kullan\u0131c\u0131lar\u0131 ay\u0131rmak i\u00e7in kullan\u0131l\u0131r. Sitelerin analiz raporlar\u0131 i\u00e7in ziyaret\u00e7i, oturum ve kampanya verilerini hesaplamak i\u00e7in kullan\u0131l\u0131r.<\/td>\n<\/tr>\n<tr>\n<td width=\"89\"><strong>_gat<\/strong><\/td>\n<td width=\"523\">Google Universal Analytics ile ili\u015fkilidir &#8211; y\u00fcksek trafik alanlar\u0131ndaki verilerin toplanmas\u0131n\u0131 s\u0131n\u0131rlar<\/td>\n<\/tr>\n<tr>\n<td width=\"89\"><strong>_gid<\/strong><\/td>\n<td width=\"523\">Kullan\u0131c\u0131lar\u0131 ay\u0131rt etmek i\u00e7in kullan\u0131l\u0131r<\/td>\n<\/tr>\n<\/tbody>\n<\/table>\n<p><strong>\u00a0Kategori 3: Hedefleme \/ Reklam \u00c7erezleri<\/strong><\/p>\n<p>Bu \u00e7erezler, reklamlar\u0131 sizinle ilgi alanlar\u0131n\u0131za uygun olarak reklam kampanyas\u0131n\u0131n etkinli\u011fini ve reklam say\u0131s\u0131n\u0131 \u00f6l\u00e7mek i\u00e7in kullan\u0131lmaktad\u0131r. Genellikle web sitesi operat\u00f6r\u00fcn\u00fcn izniyle reklam a\u011flar\u0131 taraf\u0131ndan yerle\u015ftirilirler. Ziyaret etti\u011finiz web sitelerini hat\u0131rl\u0131yorlar ve bu bilgiler 3. Ki\u015fi niteli\u011findeki reklam verenler gibi di\u011fer kurulu\u015flarla payla\u015f\u0131lmaktad\u0131r. \u00c7ok s\u0131kl\u0131kla \u00e7erezler hedefleme amac\u0131yla di\u011fer reklamlar\u0131n sitelerine link vermektedir.<\/p>\n<table width=\"844\">\n<tbody>\n<tr>\n<td width=\"89\">\u00c7EREZ<\/td>\n<td width=\"522\">\u00c7EREZ\u2019\u0130N TANIMI<\/td>\n<\/tr>\n<tr>\n<td width=\"89\"><strong>datr<\/strong><\/td>\n<td width=\"522\">Facebook taraf\u0131ndan sa\u011flanan\u00a0\u00a0 bir cookie olup Like butonu analiti\u011fi \u00fczerinden davran\u0131\u015fsal reklamlama yapmaktad\u0131r. 10 g\u00fcn sonra veriler silinmektedir.<\/td>\n<\/tr>\n<tr>\n<td width=\"89\"><strong>fr<\/strong><\/td>\n<td width=\"522\">Facebook taraf\u0131ndan sa\u011flanan bir ba\u015fka cookie olup ID name \u00fczerinden browser takibi ile davran\u0131\u015fsal reklamc\u0131l\u0131k olana\u011f\u0131 vermektedir.<\/td>\n<\/tr>\n<tr>\n<td width=\"89\"><strong>APISID<\/strong><\/td>\n<td width=\"522\">Google taraf\u0131ndan kullan\u0131c\u0131lar\u0131n ziyaret ettikleri siteler \u00fczerinden hedefleme yap\u0131lmaktad\u0131r.<\/td>\n<\/tr>\n<tr>\n<td width=\"89\"><strong>SSID<\/strong><\/td>\n<td width=\"522\">Google taraf\u0131ndan sa\u011flanan bir \u00e7erez olup, reklam alanlar\u0131n\u0131 ziyaretler \u00fczerinden hedefleme yapmaktad\u0131r.<\/td>\n<\/tr>\n<tr>\n<td width=\"89\"><strong>lu<\/strong><\/td>\n<td width=\"522\">Facebook taraf\u0131ndan sa\u011flanan bir \u00e7erez olup, site giri\u015f \u00e7\u0131k\u0131\u015f yard\u0131mc\u0131s\u0131 olarak \u00e7al\u0131\u015fmaktad\u0131r.<\/td>\n<\/tr>\n<tr>\n<td width=\"89\"><strong>PREF<\/strong><\/td>\n<td width=\"522\">Google aramalar\u0131na g\u00f6re ki\u015fisel reklamc\u0131l\u0131k sa\u011flamaktad\u0131r.<\/td>\n<\/tr>\n<tr>\n<td width=\"89\"><strong>SID<\/strong><\/td>\n<td width=\"522\">Google \u00e7erezi olup, siteye giri\u015f \u00e7\u0131k\u0131\u015flarda \u00fcye giri\u015filerini denetlemektedir.<\/td>\n<\/tr>\n<tr>\n<td width=\"89\"><strong>id<\/strong><\/td>\n<td width=\"522\">Doubleclick \u00fczerinden ger\u00e7ek zamanl\u0131 reklam \u00e7al\u0131\u015fmalar\u0131n\u0131 sa\u011flamaktad\u0131r.<\/td>\n<\/tr>\n<tr>\n<td width=\"89\"><strong>HSID<\/strong><\/td>\n<td width=\"522\">Google kullan\u0131c\u0131 hesab\u0131n\u0131n site ziyaretinin ger\u00e7ek zaman\u0131n\u0131 belirlemek i\u00e7in kullan\u0131lmaktad\u0131r.<\/td>\n<\/tr>\n<\/tbody>\n<\/table>","protected":false},"excerpt":{"rendered":"<p>Usta Design\u00a0 olarak, web sitemizin kullan\u0131m\u0131n\u0131 kolayla\u015ft\u0131rmak ve sitemizin kullan\u0131m\u0131n\u0131 [&hellip;]<\/p>\n","protected":false},"author":1,"featured_media":0,"parent":0,"menu_order":0,"comment_status":"closed","ping_status":"closed","template":"","meta":{"footnotes":""},"class_list":["post-4119","page","type-page","status-publish","hentry"],"acf":[],"yoast_head":"<!-- This site is optimized with the Yoast SEO plugin v27.4 - https:\/\/yoast.com\/product\/yoast-seo-wordpress\/ -->\n<title>\u00c7erez Politikas\u0131 - Usta Design<\/title>\n<meta name=\"robots\" content=\"index, follow, max-snippet:-1, max-image-preview:large, max-video-preview:-1\" \/>\n<link rel=\"canonical\" href=\"https:\/\/ustadesign.com\/en\/cerez-politikasi\/\" \/>\n<meta property=\"og:locale\" content=\"en_US\" \/>\n<meta property=\"og:type\" content=\"article\" \/>\n<meta property=\"og:title\" content=\"\u00c7erez Politikas\u0131 - Usta Design\" \/>\n<meta property=\"og:description\" content=\"Usta Design\u00a0 olarak, web sitemizin kullan\u0131m\u0131n\u0131 kolayla\u015ft\u0131rmak ve sitemizin kullan\u0131m\u0131n\u0131 [&hellip;]\" \/>\n<meta property=\"og:url\" content=\"https:\/\/ustadesign.com\/en\/cerez-politikasi\/\" \/>\n<meta property=\"og:site_name\" content=\"Usta Design\" \/>\n<meta name=\"twitter:card\" content=\"summary_large_image\" \/>\n<meta name=\"twitter:label1\" content=\"Est. reading time\" \/>\n\t<meta name=\"twitter:data1\" content=\"4 minutes\" \/>\n<script type=\"application\/ld+json\" class=\"yoast-schema-graph\">{\"@context\":\"https:\\\/\\\/schema.org\",\"@graph\":[{\"@type\":\"WebPage\",\"@id\":\"https:\\\/\\\/ustadesign.com\\\/cerez-politikasi\\\/\",\"url\":\"https:\\\/\\\/ustadesign.com\\\/cerez-politikasi\\\/\",\"name\":\"\u00c7erez Politikas\u0131 - Usta Design\",\"isPartOf\":{\"@id\":\"https:\\\/\\\/ustadesign.com\\\/en\\\/#website\"},\"datePublished\":\"2022-12-08T23:09:54+00:00\",\"breadcrumb\":{\"@id\":\"https:\\\/\\\/ustadesign.com\\\/cerez-politikasi\\\/#breadcrumb\"},\"inLanguage\":\"en-US\",\"potentialAction\":[{\"@type\":\"ReadAction\",\"target\":[\"https:\\\/\\\/ustadesign.com\\\/cerez-politikasi\\\/\"]}]},{\"@type\":\"BreadcrumbList\",\"@id\":\"https:\\\/\\\/ustadesign.com\\\/cerez-politikasi\\\/#breadcrumb\",\"itemListElement\":[{\"@type\":\"ListItem\",\"position\":1,\"name\":\"Anasayfa\",\"item\":\"https:\\\/\\\/ustadesign.com\\\/en\\\/\"},{\"@type\":\"ListItem\",\"position\":2,\"name\":\"\u00c7erez Politikas\u0131\"}]},{\"@type\":\"WebSite\",\"@id\":\"https:\\\/\\\/ustadesign.com\\\/en\\\/#website\",\"url\":\"https:\\\/\\\/ustadesign.com\\\/en\\\/\",\"name\":\"Usta Design\",\"description\":\"Usta Design\",\"publisher\":{\"@id\":\"https:\\\/\\\/ustadesign.com\\\/en\\\/#organization\"},\"potentialAction\":[{\"@type\":\"SearchAction\",\"target\":{\"@type\":\"EntryPoint\",\"urlTemplate\":\"https:\\\/\\\/ustadesign.com\\\/en\\\/?s={search_term_string}\"},\"query-input\":{\"@type\":\"PropertyValueSpecification\",\"valueRequired\":true,\"valueName\":\"search_term_string\"}}],\"inLanguage\":\"en-US\"},{\"@type\":\"Organization\",\"@id\":\"https:\\\/\\\/ustadesign.com\\\/en\\\/#organization\",\"name\":\"Usta Design\",\"url\":\"https:\\\/\\\/ustadesign.com\\\/en\\\/\",\"logo\":{\"@type\":\"ImageObject\",\"inLanguage\":\"en-US\",\"@id\":\"https:\\\/\\\/ustadesign.com\\\/en\\\/#\\\/schema\\\/logo\\\/image\\\/\",\"url\":\"https:\\\/\\\/ustadesign.com\\\/wp-content\\\/uploads\\\/2022\\\/11\\\/logo-1.png\",\"contentUrl\":\"https:\\\/\\\/ustadesign.com\\\/wp-content\\\/uploads\\\/2022\\\/11\\\/logo-1.png\",\"width\":604,\"height\":276,\"caption\":\"Usta Design\"},\"image\":{\"@id\":\"https:\\\/\\\/ustadesign.com\\\/en\\\/#\\\/schema\\\/logo\\\/image\\\/\"},\"sameAs\":[\"https:\\\/\\\/www.instagram.com\\\/ustadesignofficial\\\/\"]}]}<\/script>\n<!-- \/ Yoast SEO plugin. -->","yoast_head_json":{"title":"\u00c7erez Politikas\u0131 - Usta Design","robots":{"index":"index","follow":"follow","max-snippet":"max-snippet:-1","max-image-preview":"max-image-preview:large","max-video-preview":"max-video-preview:-1"},"canonical":"https:\/\/ustadesign.com\/en\/cerez-politikasi\/","og_locale":"en_US","og_type":"article","og_title":"\u00c7erez Politikas\u0131 - Usta Design","og_description":"Usta Design\u00a0 olarak, web sitemizin kullan\u0131m\u0131n\u0131 kolayla\u015ft\u0131rmak ve sitemizin kullan\u0131m\u0131n\u0131 [&hellip;]","og_url":"https:\/\/ustadesign.com\/en\/cerez-politikasi\/","og_site_name":"Usta Design","twitter_card":"summary_large_image","twitter_misc":{"Est. reading time":"4 minutes"},"schema":{"@context":"https:\/\/schema.org","@graph":[{"@type":"WebPage","@id":"https:\/\/ustadesign.com\/cerez-politikasi\/","url":"https:\/\/ustadesign.com\/cerez-politikasi\/","name":"\u00c7erez Politikas\u0131 - Usta Design","isPartOf":{"@id":"https:\/\/ustadesign.com\/en\/#website"},"datePublished":"2022-12-08T23:09:54+00:00","breadcrumb":{"@id":"https:\/\/ustadesign.com\/cerez-politikasi\/#breadcrumb"},"inLanguage":"en-US","potentialAction":[{"@type":"ReadAction","target":["https:\/\/ustadesign.com\/cerez-politikasi\/"]}]},{"@type":"BreadcrumbList","@id":"https:\/\/ustadesign.com\/cerez-politikasi\/#breadcrumb","itemListElement":[{"@type":"ListItem","position":1,"name":"Anasayfa","item":"https:\/\/ustadesign.com\/en\/"},{"@type":"ListItem","position":2,"name":"\u00c7erez Politikas\u0131"}]},{"@type":"WebSite","@id":"https:\/\/ustadesign.com\/en\/#website","url":"https:\/\/ustadesign.com\/en\/","name":"Usta Design","description":"Usta Design","publisher":{"@id":"https:\/\/ustadesign.com\/en\/#organization"},"potentialAction":[{"@type":"SearchAction","target":{"@type":"EntryPoint","urlTemplate":"https:\/\/ustadesign.com\/en\/?s={search_term_string}"},"query-input":{"@type":"PropertyValueSpecification","valueRequired":true,"valueName":"search_term_string"}}],"inLanguage":"en-US"},{"@type":"Organization","@id":"https:\/\/ustadesign.com\/en\/#organization","name":"Usta Design","url":"https:\/\/ustadesign.com\/en\/","logo":{"@type":"ImageObject","inLanguage":"en-US","@id":"https:\/\/ustadesign.com\/en\/#\/schema\/logo\/image\/","url":"https:\/\/ustadesign.com\/wp-content\/uploads\/2022\/11\/logo-1.png","contentUrl":"https:\/\/ustadesign.com\/wp-content\/uploads\/2022\/11\/logo-1.png","width":604,"height":276,"caption":"Usta Design"},"image":{"@id":"https:\/\/ustadesign.com\/en\/#\/schema\/logo\/image\/"},"sameAs":["https:\/\/www.instagram.com\/ustadesignofficial\/"]}]}},"_links":{"self":[{"href":"https:\/\/ustadesign.com\/en\/wp-json\/wp\/v2\/pages\/4119","targetHints":{"allow":["GET"]}}],"collection":[{"href":"https:\/\/ustadesign.com\/en\/wp-json\/wp\/v2\/pages"}],"about":[{"href":"https:\/\/ustadesign.com\/en\/wp-json\/wp\/v2\/types\/page"}],"author":[{"embeddable":true,"href":"https:\/\/ustadesign.com\/en\/wp-json\/wp\/v2\/users\/1"}],"replies":[{"embeddable":true,"href":"https:\/\/ustadesign.com\/en\/wp-json\/wp\/v2\/comments?post=4119"}],"version-history":[{"count":1,"href":"https:\/\/ustadesign.com\/en\/wp-json\/wp\/v2\/pages\/4119\/revisions"}],"predecessor-version":[{"id":4120,"href":"https:\/\/ustadesign.com\/en\/wp-json\/wp\/v2\/pages\/4119\/revisions\/4120"}],"wp:attachment":[{"href":"https:\/\/ustadesign.com\/en\/wp-json\/wp\/v2\/media?parent=4119"}],"curies":[{"name":"wp","href":"https:\/\/api.w.org\/{rel}","templated":true}]}}