{"id":4025,"date":"2022-12-05T21:21:41","date_gmt":"2022-12-05T21:21:41","guid":{"rendered":"https:\/\/ustadesign.com\/?post_type=product&#038;p=4025"},"modified":"2025-04-24T09:48:56","modified_gmt":"2025-04-24T09:48:56","slug":"bam-bam-cam-case","status":"publish","type":"product","link":"https:\/\/ustadesign.com\/en\/product\/bam-bam-cam-case\/","title":{"rendered":"Bam Bam Cam Case"},"content":{"rendered":"<p>&#8216;Bam Bam&#8221; Cam Kase, geleneksel \u00fcretim y\u00f6ntemlerinden olan s\u0131cak cam \u00fcfleme tekni\u011fi kullan\u0131larak \u00fcretilmi\u015ftir. 1200 derece s\u0131cakl\u0131kta ve bal k\u0131vam\u0131ndaki b\u00fcy\u00fcl\u00fc bir malzeme olan cama \u00e7a\u011fda\u015f bir yorum getirmektedir. Renkleri ile al\u0131\u015f\u0131lagelmi\u015f cam tasar\u0131mlardan farkl\u0131 olarak \u00f6n plana \u00e7\u0131kan &#8221;Bam Bam&#8221; cam kase mekanlar\u0131n vazge\u00e7ilmezi olarak yerini almaktad\u0131r.<\/p>","protected":false},"excerpt":{"rendered":"<ul>\n<li>Yakla\u015f\u0131k \u00dcr\u00fcn Boyutu: 17&#215;10 cm<\/li>\n<li>S\u0131cak cam \u00fcfleme tekni\u011fi ile \u00fcretilmi\u015ftir.<\/li>\n<li>G\u0131da ile temasa uygundur. Elde y\u0131kama \u00f6nerilir.<\/li>\n<li>\u00dcr\u00fcnlerimiz ki\u015fiye \u00f6zel ve her biri e\u015fsiz el yap\u0131m\u0131 oldu\u011fundan de\u011fi\u015fim ve iade kabul edilemez.\n<\/ul>","protected":false},"featured_media":4028,"comment_status":"open","ping_status":"closed","template":"","meta":[],"product_brand":[],"product_cat":[40],"product_tag":[],"class_list":{"0":"post-4025","1":"product","2":"type-product","3":"status-publish","4":"has-post-thumbnail","6":"product_cat-genel","7":"tm-has-options","9":"first","10":"instock","11":"shipping-taxable","12":"purchasable","13":"product-type-simple"},"acf":[],"yoast_head":"<!-- This site is optimized with the Yoast SEO plugin v27.4 - https:\/\/yoast.com\/product\/yoast-seo-wordpress\/ -->\n<title>Bam Bam Cam Case - Usta Design<\/title>\n<meta name=\"description\" content=\"&#039;Bam Bam&#039;&#039; Cam Kase, geleneksel \u00fcretim y\u00f6ntemlerinden olan s\u0131cak cam \u00fcfleme tekni\u011fi kullan\u0131larak \u00fcretilmi\u015ftir.\" \/>\n<meta name=\"robots\" content=\"index, follow, max-snippet:-1, max-image-preview:large, max-video-preview:-1\" \/>\n<link rel=\"canonical\" href=\"https:\/\/ustadesign.com\/en\/product\/bam-bam-cam-case\/\" \/>\n<meta property=\"og:locale\" content=\"en_US\" \/>\n<meta property=\"og:type\" content=\"article\" \/>\n<meta property=\"og:title\" content=\"Bam Bam Cam Case - Usta Design\" \/>\n<meta property=\"og:description\" content=\"&#039;Bam Bam&#039;&#039; Cam Kase, geleneksel \u00fcretim y\u00f6ntemlerinden olan s\u0131cak cam \u00fcfleme tekni\u011fi kullan\u0131larak \u00fcretilmi\u015ftir.\" \/>\n<meta property=\"og:url\" content=\"https:\/\/ustadesign.com\/en\/product\/bam-bam-cam-case\/\" \/>\n<meta property=\"og:site_name\" content=\"Usta Design\" \/>\n<meta property=\"article:modified_time\" content=\"2025-04-24T09:48:56+00:00\" \/>\n<meta property=\"og:image\" content=\"https:\/\/ustadesign.com\/wp-content\/uploads\/2022\/12\/bam-bam-cam-kase.jpg\" \/>\n\t<meta property=\"og:image:width\" content=\"1500\" \/>\n\t<meta property=\"og:image:height\" content=\"2045\" \/>\n\t<meta property=\"og:image:type\" content=\"image\/jpeg\" \/>\n<meta name=\"twitter:card\" content=\"summary_large_image\" \/>\n<meta name=\"twitter:label1\" content=\"Est. reading time\" \/>\n\t<meta name=\"twitter:data1\" content=\"1 minute\" \/>\n<script type=\"application\/ld+json\" class=\"yoast-schema-graph\">{\"@context\":\"https:\\\/\\\/schema.org\",\"@graph\":[{\"@type\":\"WebPage\",\"@id\":\"https:\\\/\\\/ustadesign.com\\\/urun\\\/bam-bam-cam-case\\\/\",\"url\":\"https:\\\/\\\/ustadesign.com\\\/urun\\\/bam-bam-cam-case\\\/\",\"name\":\"Bam Bam Cam Case - Usta Design\",\"isPartOf\":{\"@id\":\"https:\\\/\\\/ustadesign.com\\\/en\\\/#website\"},\"primaryImageOfPage\":{\"@id\":\"https:\\\/\\\/ustadesign.com\\\/urun\\\/bam-bam-cam-case\\\/#primaryimage\"},\"image\":{\"@id\":\"https:\\\/\\\/ustadesign.com\\\/urun\\\/bam-bam-cam-case\\\/#primaryimage\"},\"thumbnailUrl\":\"https:\\\/\\\/ustadesign.com\\\/wp-content\\\/uploads\\\/2022\\\/12\\\/bam-bam-cam-kase.jpg\",\"datePublished\":\"2022-12-05T21:21:41+00:00\",\"dateModified\":\"2025-04-24T09:48:56+00:00\",\"description\":\"'Bam Bam'' Cam Kase, geleneksel \u00fcretim y\u00f6ntemlerinden olan s\u0131cak cam \u00fcfleme tekni\u011fi kullan\u0131larak \u00fcretilmi\u015ftir.\",\"breadcrumb\":{\"@id\":\"https:\\\/\\\/ustadesign.com\\\/urun\\\/bam-bam-cam-case\\\/#breadcrumb\"},\"inLanguage\":\"en-US\",\"potentialAction\":[{\"@type\":\"ReadAction\",\"target\":[\"https:\\\/\\\/ustadesign.com\\\/urun\\\/bam-bam-cam-case\\\/\"]}]},{\"@type\":\"ImageObject\",\"inLanguage\":\"en-US\",\"@id\":\"https:\\\/\\\/ustadesign.com\\\/urun\\\/bam-bam-cam-case\\\/#primaryimage\",\"url\":\"https:\\\/\\\/ustadesign.com\\\/wp-content\\\/uploads\\\/2022\\\/12\\\/bam-bam-cam-kase.jpg\",\"contentUrl\":\"https:\\\/\\\/ustadesign.com\\\/wp-content\\\/uploads\\\/2022\\\/12\\\/bam-bam-cam-kase.jpg\",\"width\":1500,\"height\":2045},{\"@type\":\"BreadcrumbList\",\"@id\":\"https:\\\/\\\/ustadesign.com\\\/urun\\\/bam-bam-cam-case\\\/#breadcrumb\",\"itemListElement\":[{\"@type\":\"ListItem\",\"position\":1,\"name\":\"Anasayfa\",\"item\":\"https:\\\/\\\/ustadesign.com\\\/en\\\/\"},{\"@type\":\"ListItem\",\"position\":2,\"name\":\"Ma\u011faza\",\"item\":\"https:\\\/\\\/ustadesign.com\\\/magaza\\\/\"},{\"@type\":\"ListItem\",\"position\":3,\"name\":\"Bam Bam Cam Case\"}]},{\"@type\":\"WebSite\",\"@id\":\"https:\\\/\\\/ustadesign.com\\\/en\\\/#website\",\"url\":\"https:\\\/\\\/ustadesign.com\\\/en\\\/\",\"name\":\"Usta Design\",\"description\":\"Usta Design\",\"publisher\":{\"@id\":\"https:\\\/\\\/ustadesign.com\\\/en\\\/#organization\"},\"potentialAction\":[{\"@type\":\"SearchAction\",\"target\":{\"@type\":\"EntryPoint\",\"urlTemplate\":\"https:\\\/\\\/ustadesign.com\\\/en\\\/?s={search_term_string}\"},\"query-input\":{\"@type\":\"PropertyValueSpecification\",\"valueRequired\":true,\"valueName\":\"search_term_string\"}}],\"inLanguage\":\"en-US\"},{\"@type\":\"Organization\",\"@id\":\"https:\\\/\\\/ustadesign.com\\\/en\\\/#organization\",\"name\":\"Usta Design\",\"url\":\"https:\\\/\\\/ustadesign.com\\\/en\\\/\",\"logo\":{\"@type\":\"ImageObject\",\"inLanguage\":\"en-US\",\"@id\":\"https:\\\/\\\/ustadesign.com\\\/en\\\/#\\\/schema\\\/logo\\\/image\\\/\",\"url\":\"https:\\\/\\\/ustadesign.com\\\/wp-content\\\/uploads\\\/2022\\\/11\\\/logo-1.png\",\"contentUrl\":\"https:\\\/\\\/ustadesign.com\\\/wp-content\\\/uploads\\\/2022\\\/11\\\/logo-1.png\",\"width\":604,\"height\":276,\"caption\":\"Usta Design\"},\"image\":{\"@id\":\"https:\\\/\\\/ustadesign.com\\\/en\\\/#\\\/schema\\\/logo\\\/image\\\/\"},\"sameAs\":[\"https:\\\/\\\/www.instagram.com\\\/ustadesignofficial\\\/\"]}]}<\/script>\n<!-- \/ Yoast SEO plugin. -->","yoast_head_json":{"title":"Bam Bam Cam Case - Usta Design","description":"'Bam Bam'' Cam Kase, geleneksel \u00fcretim y\u00f6ntemlerinden olan s\u0131cak cam \u00fcfleme tekni\u011fi kullan\u0131larak \u00fcretilmi\u015ftir.","robots":{"index":"index","follow":"follow","max-snippet":"max-snippet:-1","max-image-preview":"max-image-preview:large","max-video-preview":"max-video-preview:-1"},"canonical":"https:\/\/ustadesign.com\/en\/product\/bam-bam-cam-case\/","og_locale":"en_US","og_type":"article","og_title":"Bam Bam Cam Case - Usta Design","og_description":"'Bam Bam'' Cam Kase, geleneksel \u00fcretim y\u00f6ntemlerinden olan s\u0131cak cam \u00fcfleme tekni\u011fi kullan\u0131larak \u00fcretilmi\u015ftir.","og_url":"https:\/\/ustadesign.com\/en\/product\/bam-bam-cam-case\/","og_site_name":"Usta Design","article_modified_time":"2025-04-24T09:48:56+00:00","og_image":[{"width":1500,"height":2045,"url":"https:\/\/ustadesign.com\/wp-content\/uploads\/2022\/12\/bam-bam-cam-kase.jpg","type":"image\/jpeg"}],"twitter_card":"summary_large_image","twitter_misc":{"Est. reading time":"1 minute"},"schema":{"@context":"https:\/\/schema.org","@graph":[{"@type":"WebPage","@id":"https:\/\/ustadesign.com\/urun\/bam-bam-cam-case\/","url":"https:\/\/ustadesign.com\/urun\/bam-bam-cam-case\/","name":"Bam Bam Cam Case - Usta Design","isPartOf":{"@id":"https:\/\/ustadesign.com\/en\/#website"},"primaryImageOfPage":{"@id":"https:\/\/ustadesign.com\/urun\/bam-bam-cam-case\/#primaryimage"},"image":{"@id":"https:\/\/ustadesign.com\/urun\/bam-bam-cam-case\/#primaryimage"},"thumbnailUrl":"https:\/\/ustadesign.com\/wp-content\/uploads\/2022\/12\/bam-bam-cam-kase.jpg","datePublished":"2022-12-05T21:21:41+00:00","dateModified":"2025-04-24T09:48:56+00:00","description":"'Bam Bam'' Cam Kase, geleneksel \u00fcretim y\u00f6ntemlerinden olan s\u0131cak cam \u00fcfleme tekni\u011fi kullan\u0131larak \u00fcretilmi\u015ftir.","breadcrumb":{"@id":"https:\/\/ustadesign.com\/urun\/bam-bam-cam-case\/#breadcrumb"},"inLanguage":"en-US","potentialAction":[{"@type":"ReadAction","target":["https:\/\/ustadesign.com\/urun\/bam-bam-cam-case\/"]}]},{"@type":"ImageObject","inLanguage":"en-US","@id":"https:\/\/ustadesign.com\/urun\/bam-bam-cam-case\/#primaryimage","url":"https:\/\/ustadesign.com\/wp-content\/uploads\/2022\/12\/bam-bam-cam-kase.jpg","contentUrl":"https:\/\/ustadesign.com\/wp-content\/uploads\/2022\/12\/bam-bam-cam-kase.jpg","width":1500,"height":2045},{"@type":"BreadcrumbList","@id":"https:\/\/ustadesign.com\/urun\/bam-bam-cam-case\/#breadcrumb","itemListElement":[{"@type":"ListItem","position":1,"name":"Anasayfa","item":"https:\/\/ustadesign.com\/en\/"},{"@type":"ListItem","position":2,"name":"Ma\u011faza","item":"https:\/\/ustadesign.com\/magaza\/"},{"@type":"ListItem","position":3,"name":"Bam Bam Cam Case"}]},{"@type":"WebSite","@id":"https:\/\/ustadesign.com\/en\/#website","url":"https:\/\/ustadesign.com\/en\/","name":"Usta Design","description":"Usta Design","publisher":{"@id":"https:\/\/ustadesign.com\/en\/#organization"},"potentialAction":[{"@type":"SearchAction","target":{"@type":"EntryPoint","urlTemplate":"https:\/\/ustadesign.com\/en\/?s={search_term_string}"},"query-input":{"@type":"PropertyValueSpecification","valueRequired":true,"valueName":"search_term_string"}}],"inLanguage":"en-US"},{"@type":"Organization","@id":"https:\/\/ustadesign.com\/en\/#organization","name":"Usta Design","url":"https:\/\/ustadesign.com\/en\/","logo":{"@type":"ImageObject","inLanguage":"en-US","@id":"https:\/\/ustadesign.com\/en\/#\/schema\/logo\/image\/","url":"https:\/\/ustadesign.com\/wp-content\/uploads\/2022\/11\/logo-1.png","contentUrl":"https:\/\/ustadesign.com\/wp-content\/uploads\/2022\/11\/logo-1.png","width":604,"height":276,"caption":"Usta Design"},"image":{"@id":"https:\/\/ustadesign.com\/en\/#\/schema\/logo\/image\/"},"sameAs":["https:\/\/www.instagram.com\/ustadesignofficial\/"]}]}},"_links":{"self":[{"href":"https:\/\/ustadesign.com\/en\/wp-json\/wp\/v2\/product\/4025","targetHints":{"allow":["GET"]}}],"collection":[{"href":"https:\/\/ustadesign.com\/en\/wp-json\/wp\/v2\/product"}],"about":[{"href":"https:\/\/ustadesign.com\/en\/wp-json\/wp\/v2\/types\/product"}],"replies":[{"embeddable":true,"href":"https:\/\/ustadesign.com\/en\/wp-json\/wp\/v2\/comments?post=4025"}],"wp:featuredmedia":[{"embeddable":true,"href":"https:\/\/ustadesign.com\/en\/wp-json\/wp\/v2\/media\/4028"}],"wp:attachment":[{"href":"https:\/\/ustadesign.com\/en\/wp-json\/wp\/v2\/media?parent=4025"}],"wp:term":[{"taxonomy":"product_brand","embeddable":true,"href":"https:\/\/ustadesign.com\/en\/wp-json\/wp\/v2\/product_brand?post=4025"},{"taxonomy":"product_cat","embeddable":true,"href":"https:\/\/ustadesign.com\/en\/wp-json\/wp\/v2\/product_cat?post=4025"},{"taxonomy":"product_tag","embeddable":true,"href":"https:\/\/ustadesign.com\/en\/wp-json\/wp\/v2\/product_tag?post=4025"}],"curies":[{"name":"wp","href":"https:\/\/api.w.org\/{rel}","templated":true}]}}